{"id":78,"date":"2021-09-18T02:50:58","date_gmt":"2021-09-18T02:50:58","guid":{"rendered":"https:\/\/acipromperu.org\/contenido\/?page_id=78"},"modified":"2021-09-18T03:20:02","modified_gmt":"2021-09-18T03:20:02","slug":"informacion-organizacional","status":"publish","type":"page","link":"https:\/\/acipromperu.org\/contenido\/informacion-organizacional\/","title":{"rendered":"Informaci\u00f3n Organizacional"},"content":{"rendered":"\n<p>Somos una organizaci\u00f3n sin fines de lucro, con el Registro P\u00fablico N\u00b0. 11947597, integradores de soluciones tecnol\u00f3gicas, cient\u00edficas, sociales y culturales; constituida por profesionales de la Universidad del Callao, UNMSM, Universidad Inca Garcilaso de la Vega.<\/p>\n\n\n\n<p>Nuestro prop\u00f3sito principal es de servir con lealtad a nuestra sociedad y a nuestros asociados, en el tiempo justo y oportuno. Estas reglas b\u00e1sicas est\u00e1n en nuestra visi\u00f3n y misi\u00f3n institucional; manteniendo los principios de calidad, seguridad, protecci\u00f3n del medio ambiente y c\u00f3digo de \u00e9tica inherente a cada una de las personas que participan en nuestra organizaci\u00f3n<\/p>\n\n\n\n<p><strong>Visi\u00f3n.<\/strong><\/p>\n\n\n\n<p>Consolidarnos como una organizaci\u00f3n Internacional en el desarrollo y aplicaci\u00f3n de la ciencia y la tecnolog\u00eda al servicio de la sociedad, con \u00e9nfasis de la inclusi\u00f3n social del Per\u00fa y el Mundo.<\/p>\n\n\n\n<p><strong>Misi\u00f3n.<\/strong><\/p>\n\n\n\n<p>Desarrollar proyectos innovadores que mejoren la calidad de los mas necesitados, promoviendo la transformaci\u00f3n de la sociedad para hacerla mas justa, solidaria y humanista; Administrando y gestionando con la \u00e9tica, el conocimiento de la ciencia y la tecnolog\u00eda, cuyo desarrollo conlleve a la conservaci\u00f3n del medio ambiente y promover la cultura y los valores \u00e9ticos en nuestra sociedad.<\/p>\n","protected":false},"excerpt":{"rendered":"<p>Somos una organizaci\u00f3n sin fines de lucro, con el Registro P\u00fablico N\u00b0. 11947597, integradores de soluciones tecnol\u00f3gicas, cient\u00edficas, sociales y culturales; constituida por profesionales de la Universidad del Callao, UNMSM, [&hellip;]<\/p>\n","protected":false},"author":3,"featured_media":0,"parent":0,"menu_order":0,"comment_status":"closed","ping_status":"closed","template":"page_fullwidth.php","meta":{"footnotes":""},"class_list":["post-78","page","type-page","status-publish","hentry"],"_links":{"self":[{"href":"https:\/\/acipromperu.org\/contenido\/wp-json\/wp\/v2\/pages\/78","targetHints":{"allow":["GET"]}}],"collection":[{"href":"https:\/\/acipromperu.org\/contenido\/wp-json\/wp\/v2\/pages"}],"about":[{"href":"https:\/\/acipromperu.org\/contenido\/wp-json\/wp\/v2\/types\/page"}],"author":[{"embeddable":true,"href":"https:\/\/acipromperu.org\/contenido\/wp-json\/wp\/v2\/users\/3"}],"replies":[{"embeddable":true,"href":"https:\/\/acipromperu.org\/contenido\/wp-json\/wp\/v2\/comments?post=78"}],"version-history":[{"count":1,"href":"https:\/\/acipromperu.org\/contenido\/wp-json\/wp\/v2\/pages\/78\/revisions"}],"predecessor-version":[{"id":80,"href":"https:\/\/acipromperu.org\/contenido\/wp-json\/wp\/v2\/pages\/78\/revisions\/80"}],"wp:attachment":[{"href":"https:\/\/acipromperu.org\/contenido\/wp-json\/wp\/v2\/media?parent=78"}],"curies":[{"name":"wp","href":"https:\/\/api.w.org\/{rel}","templated":true}]}}